{"id":13,"date":"2021-11-18T07:25:00","date_gmt":"2021-11-18T04:25:00","guid":{"rendered":"https:\/\/themes.muffingroup.com\/be\/agency3\/?page_id=13"},"modified":"2022-05-21T15:51:03","modified_gmt":"2022-05-21T12:51:03","slug":"hizmetlerimiz","status":"publish","type":"page","link":"https:\/\/www.malay.com.tr\/tr\/hizmetlerimiz\/","title":{"rendered":"Hizmetlerimiz"},"content":{"rendered":"","protected":false},"excerpt":{"rendered":"","protected":false},"author":1,"featured_media":0,"parent":0,"menu_order":0,"comment_status":"closed","ping_status":"closed","template":"","meta":[],"yoast_head":"<!-- This site is optimized with the Yoast SEO Premium plugin v17.6 (Yoast SEO v17.6) - https:\/\/yoast.com\/wordpress\/plugins\/seo\/ -->\n<title>Hizmetlerimiz - Malay Organizasyon AS<\/title>\n<meta name=\"description\" content=\"Hizmetlerimiz - Malay Organizasyon AS\" \/>\n<meta name=\"robots\" content=\"index, follow, max-snippet:-1, max-image-preview:large, max-video-preview:-1\" \/>\n<link rel=\"canonical\" href=\"http:\/\/www.malay.com.tr\/tr\/hizmetlerimiz\/\" \/>\n<meta property=\"og:locale\" content=\"tr_TR\" \/>\n<meta property=\"og:type\" content=\"article\" \/>\n<meta property=\"og:title\" content=\"Hizmetlerimiz\" \/>\n<meta property=\"og:description\" content=\"Hizmetlerimiz - Malay Organizasyon AS\" \/>\n<meta property=\"og:url\" content=\"http:\/\/www.malay.com.tr\/tr\/hizmetlerimiz\/\" \/>\n<meta property=\"og:site_name\" content=\"Malay Organizasyon AS\" \/>\n<meta property=\"article:modified_time\" content=\"2022-05-21T12:51:03+00:00\" \/>\n<meta name=\"twitter:card\" content=\"summary_large_image\" \/>\n<script type=\"application\/ld+json\" class=\"yoast-schema-graph\">{\"@context\":\"https:\/\/schema.org\",\"@graph\":[{\"@type\":\"WebSite\",\"@id\":\"http:\/\/www.malay.com.tr\/tr\/#website\",\"url\":\"http:\/\/www.malay.com.tr\/tr\/\",\"name\":\"Malay Organizasyon AS\",\"description\":\"Dan\\u0131\\u015fmanl\\u0131k Hizmetleri\",\"potentialAction\":[{\"@type\":\"SearchAction\",\"target\":{\"@type\":\"EntryPoint\",\"urlTemplate\":\"http:\/\/www.malay.com.tr\/tr\/?s={search_term_string}\"},\"query-input\":\"required name=search_term_string\"}],\"inLanguage\":\"tr\"},{\"@type\":\"WebPage\",\"@id\":\"http:\/\/www.malay.com.tr\/en\/hizmetlerimiz\/#webpage\",\"url\":\"http:\/\/www.malay.com.tr\/en\/hizmetlerimiz\/\",\"name\":\"Hizmetlerimiz - Malay Organizasyon AS\",\"isPartOf\":{\"@id\":\"http:\/\/www.malay.com.tr\/tr\/#website\"},\"datePublished\":\"2021-11-18T04:25:00+00:00\",\"dateModified\":\"2022-05-21T12:51:03+00:00\",\"description\":\"Hizmetlerimiz - Malay Organizasyon AS\",\"breadcrumb\":{\"@id\":\"http:\/\/www.malay.com.tr\/en\/hizmetlerimiz\/#breadcrumb\"},\"inLanguage\":\"tr\",\"potentialAction\":[{\"@type\":\"ReadAction\",\"target\":[\"http:\/\/www.malay.com.tr\/en\/hizmetlerimiz\/\"]}]},{\"@type\":\"BreadcrumbList\",\"@id\":\"http:\/\/www.malay.com.tr\/en\/hizmetlerimiz\/#breadcrumb\",\"itemListElement\":[{\"@type\":\"ListItem\",\"position\":1,\"name\":\"Home\",\"item\":\"http:\/\/www.malay.com.tr\/tr\/\"},{\"@type\":\"ListItem\",\"position\":2,\"name\":\"Hizmetlerimiz\"}]}]}<\/script>\n<!-- \/ Yoast SEO Premium plugin. -->","yoast_head_json":{"title":"Hizmetlerimiz - Malay Organizasyon AS","description":"Hizmetlerimiz - Malay Organizasyon AS","robots":{"index":"index","follow":"follow","max-snippet":"max-snippet:-1","max-image-preview":"max-image-preview:large","max-video-preview":"max-video-preview:-1"},"canonical":"http:\/\/www.malay.com.tr\/tr\/hizmetlerimiz\/","og_locale":"tr_TR","og_type":"article","og_title":"Hizmetlerimiz","og_description":"Hizmetlerimiz - Malay Organizasyon AS","og_url":"http:\/\/www.malay.com.tr\/tr\/hizmetlerimiz\/","og_site_name":"Malay Organizasyon AS","article_modified_time":"2022-05-21T12:51:03+00:00","twitter_card":"summary_large_image","schema":{"@context":"https:\/\/schema.org","@graph":[{"@type":"WebSite","@id":"http:\/\/www.malay.com.tr\/tr\/#website","url":"http:\/\/www.malay.com.tr\/tr\/","name":"Malay Organizasyon AS","description":"Dan\u0131\u015fmanl\u0131k Hizmetleri","potentialAction":[{"@type":"SearchAction","target":{"@type":"EntryPoint","urlTemplate":"http:\/\/www.malay.com.tr\/tr\/?s={search_term_string}"},"query-input":"required name=search_term_string"}],"inLanguage":"tr"},{"@type":"WebPage","@id":"http:\/\/www.malay.com.tr\/en\/hizmetlerimiz\/#webpage","url":"http:\/\/www.malay.com.tr\/en\/hizmetlerimiz\/","name":"Hizmetlerimiz - Malay Organizasyon AS","isPartOf":{"@id":"http:\/\/www.malay.com.tr\/tr\/#website"},"datePublished":"2021-11-18T04:25:00+00:00","dateModified":"2022-05-21T12:51:03+00:00","description":"Hizmetlerimiz - Malay Organizasyon AS","breadcrumb":{"@id":"http:\/\/www.malay.com.tr\/en\/hizmetlerimiz\/#breadcrumb"},"inLanguage":"tr","potentialAction":[{"@type":"ReadAction","target":["http:\/\/www.malay.com.tr\/en\/hizmetlerimiz\/"]}]},{"@type":"BreadcrumbList","@id":"http:\/\/www.malay.com.tr\/en\/hizmetlerimiz\/#breadcrumb","itemListElement":[{"@type":"ListItem","position":1,"name":"Home","item":"http:\/\/www.malay.com.tr\/tr\/"},{"@type":"ListItem","position":2,"name":"Hizmetlerimiz"}]}]}},"_links":{"self":[{"href":"https:\/\/www.malay.com.tr\/tr\/wp-json\/wp\/v2\/pages\/13"}],"collection":[{"href":"https:\/\/www.malay.com.tr\/tr\/wp-json\/wp\/v2\/pages"}],"about":[{"href":"https:\/\/www.malay.com.tr\/tr\/wp-json\/wp\/v2\/types\/page"}],"author":[{"embeddable":true,"href":"https:\/\/www.malay.com.tr\/tr\/wp-json\/wp\/v2\/users\/1"}],"replies":[{"embeddable":true,"href":"https:\/\/www.malay.com.tr\/tr\/wp-json\/wp\/v2\/comments?post=13"}],"version-history":[{"count":1,"href":"https:\/\/www.malay.com.tr\/tr\/wp-json\/wp\/v2\/pages\/13\/revisions"}],"predecessor-version":[{"id":141,"href":"https:\/\/www.malay.com.tr\/tr\/wp-json\/wp\/v2\/pages\/13\/revisions\/141"}],"wp:attachment":[{"href":"https:\/\/www.malay.com.tr\/tr\/wp-json\/wp\/v2\/media?parent=13"}],"curies":[{"name":"wp","href":"https:\/\/api.w.org\/{rel}","templated":true}]}}